{"id":226,"date":"2024-03-26T19:06:04","date_gmt":"2024-03-26T19:06:04","guid":{"rendered":"https:\/\/otterwip.fun\/?page_id=226"},"modified":"2025-07-24T11:07:31","modified_gmt":"2025-07-24T11:07:31","slug":"aviso-legal","status":"publish","type":"page","link":"https:\/\/mudanzasirun.com\/en\/aviso-legal\/","title":{"rendered":"Legal Warning"},"content":{"rendered":"<div data-elementor-type=\"wp-page\" data-elementor-id=\"226\" class=\"elementor elementor-226\" data-elementor-post-type=\"page\">\n\t\t\t\t<div class=\"elementor-element elementor-element-16d40fb e-flex e-con-boxed e-con e-parent\" data-id=\"16d40fb\" data-element_type=\"container\" data-settings=\"{&quot;jet_parallax_layout_list&quot;:[]}\">\n\t\t\t\t\t<div class=\"e-con-inner\">\n\t\t\t\t<div class=\"elementor-element elementor-element-baec4c0 elementor-widget elementor-widget-heading\" data-id=\"baec4c0\" data-element_type=\"widget\" data-widget_type=\"heading.default\">\n\t\t\t\t<div class=\"elementor-widget-container\">\n\t\t\t\t\t<h2 class=\"elementor-heading-title elementor-size-default\">Aviso legal<\/h2>\t\t\t\t<\/div>\n\t\t\t\t<\/div>\n\t\t\t\t<div class=\"elementor-element elementor-element-dcc997d elementor-widget elementor-widget-text-editor\" data-id=\"dcc997d\" data-element_type=\"widget\" data-widget_type=\"text-editor.default\">\n\t\t\t\t<div class=\"elementor-widget-container\">\n\t\t\t\t\t\t\t\t\t<p><span lang=\"IT\" xml:lang=\"IT\">\u00a0En cumplimiento del art\u00edculo 10 de la Ley 34\/2002, del 11 de julio, de servicios de la Sociedad de la Informaci\u00f3n y Comercio Electr\u00f3nico (LSSICE) se exponen\u00a0 a\u00a0 continuaci\u00f3n los datos identificativos de la empresa.<\/span><\/p><p><span lang=\"IT\" xml:lang=\"IT\">Denominaci\u00f3n social: <\/span>Mudanzas Ir\u00fan S.L.<\/p><p><span lang=\"IT\" xml:lang=\"IT\">Domicilio social: Calle Hilanderas 62, 20303, Irun, Gu\u00edpuzcoa<\/span><\/p><p><span lang=\"IT\" xml:lang=\"IT\">20303 &#8211; Ir\u00fan &#8211; Guip\u00fazcoa<\/span><\/p><p><span lang=\"IT\" xml:lang=\"IT\">Correo electr\u00f3nico: <\/span><a href=\"mailto:inf@mudanzasirun.com\">info@mudanzasirun.com<\/a><\/p><p><span lang=\"IT\" xml:lang=\"IT\">Tel\u00e9fono:<\/span><strong>\u00a0665 733 560<\/strong><\/p><p><span lang=\"NL\" xml:lang=\"NL\">Este sitio web ha sido creado por la empresa\u00a0Mudanzas Irun\u00a0con car\u00e1cter informativo y para uso personal de los usuarios.A trav\u00e9s de este Aviso legal, se pretende regular el acceso y uso de este sitio web, as\u00ed como la relaci\u00f3n entre el sitio web y sus usuarios.<\/span>\u00a0<span lang=\"IT\" xml:lang=\"IT\">Accediendo a este sitio web se aceptan los siguientes t\u00e9rminos y condiciones: El acceso a este sitio web es responsabilidad exclusiva de los usuarios.<\/span><\/p><p><span lang=\"IT\" xml:lang=\"IT\">E<\/span><span lang=\"IT\" xml:lang=\"IT\">l simple acceso a este sitio web no supone entablar ning\u00fan tipo de relaci\u00f3n comercial entre\u00a0Mudanzas Irun\u00a0y el usuario.<\/span><\/p><p><span lang=\"IT\" xml:lang=\"IT\">El acceso y la navegaci\u00f3n en este sitio web supone aceptar y conocer las advertencias legales, condiciones y t\u00e9rminos de uso contenidas en ella.<\/span><\/p><p><span lang=\"IT\" xml:lang=\"IT\">El titular del sitio web puede ofrecer servicios o productos que podr\u00e1n encontrarse sometidos a unas condiciones particulares propias que, seg\u00fan los casos, sustituyan, completen y\/o modifiquen las presentes condiciones, y sobre las cuales se informar\u00e1 al usuario en cada caso concreto.<\/span><\/p>\t\t\t\t\t\t\t\t<\/div>\n\t\t\t\t<\/div>\n\t\t\t\t\t<\/div>\n\t\t\t\t<\/div>\n\t\t<div class=\"elementor-element elementor-element-8b340ad e-flex e-con-boxed e-con e-parent\" data-id=\"8b340ad\" data-element_type=\"container\" data-settings=\"{&quot;jet_parallax_layout_list&quot;:[]}\">\n\t\t\t\t\t<div class=\"e-con-inner\">\n\t\t\t\t<div class=\"elementor-element elementor-element-cbce497 elementor-widget elementor-widget-video\" data-id=\"cbce497\" data-element_type=\"widget\" data-settings=\"{&quot;youtube_url&quot;:&quot;https:\\\/\\\/www.youtube.com\\\/watch?v=XHOmBV4js_E&quot;,&quot;video_type&quot;:&quot;youtube&quot;,&quot;controls&quot;:&quot;yes&quot;}\" data-widget_type=\"video.default\">\n\t\t\t\t<div class=\"elementor-widget-container\">\n\t\t\t\t\t\t\t<div class=\"elementor-wrapper elementor-open-inline\">\n\t\t\t<div class=\"elementor-video\"><\/div>\t\t<\/div>\n\t\t\t\t\t\t<\/div>\n\t\t\t\t<\/div>\n\t\t\t\t\t<\/div>\n\t\t\t\t<\/div>\n\t\t\t\t<\/div>","protected":false},"excerpt":{"rendered":"<p>Aviso legal \u00a0En cumplimiento del art\u00edculo 10 de la Ley 34\/2002, del 11 de julio, de servicios de la Sociedad de la Informaci\u00f3n y Comercio Electr\u00f3nico (LSSICE) se exponen\u00a0 a\u00a0 continuaci\u00f3n los datos identificativos de la empresa. Denominaci\u00f3n social: Mudanzas Ir\u00fan S.L. Domicilio social: Calle Hilanderas 62, 20303, Irun, Gu\u00edpuzcoa 20303 &#8211; Ir\u00fan &#8211; Guip\u00fazcoa [&hellip;]<\/p>","protected":false},"author":4,"featured_media":0,"parent":0,"menu_order":0,"comment_status":"closed","ping_status":"closed","template":"elementor_theme","meta":{"footnotes":""},"class_list":["post-226","page","type-page","status-publish","hentry"],"yoast_head":"<!-- This site is optimized with the Yoast SEO plugin v25.5 - https:\/\/yoast.com\/wordpress\/plugins\/seo\/ -->\n<title>Aviso Legal - Empresa de mudanzas en Ir\u00fan | Mudanzas y Transportes Ir\u00fan<\/title>\n<meta name=\"robots\" content=\"index, follow, max-snippet:-1, max-image-preview:large, max-video-preview:-1\" \/>\n<link rel=\"canonical\" href=\"https:\/\/mudanzasirun.com\/en\/aviso-legal\/\" \/>\n<meta property=\"og:locale\" content=\"en_US\" \/>\n<meta property=\"og:type\" content=\"article\" \/>\n<meta property=\"og:title\" content=\"Aviso Legal - Empresa de mudanzas en Ir\u00fan | Mudanzas y Transportes Ir\u00fan\" \/>\n<meta property=\"og:description\" content=\"Aviso legal \u00a0En cumplimiento del art\u00edculo 10 de la Ley 34\/2002, del 11 de julio, de servicios de la Sociedad de la Informaci\u00f3n y Comercio Electr\u00f3nico (LSSICE) se exponen\u00a0 a\u00a0 continuaci\u00f3n los datos identificativos de la empresa. Denominaci\u00f3n social: Mudanzas Ir\u00fan S.L. Domicilio social: Calle Hilanderas 62, 20303, Irun, Gu\u00edpuzcoa 20303 &#8211; Ir\u00fan &#8211; Guip\u00fazcoa [&hellip;]\" \/>\n<meta property=\"og:url\" content=\"https:\/\/mudanzasirun.com\/en\/aviso-legal\/\" \/>\n<meta property=\"og:site_name\" content=\"Empresa de mudanzas en Ir\u00fan | Mudanzas y Transportes Ir\u00fan\" \/>\n<meta property=\"article:publisher\" content=\"https:\/\/www.facebook.com\/mudanzasirun\" \/>\n<meta property=\"article:modified_time\" content=\"2025-07-24T11:07:31+00:00\" \/>\n<meta name=\"twitter:card\" content=\"summary_large_image\" \/>\n<meta name=\"twitter:label1\" content=\"Est. reading time\" \/>\n\t<meta name=\"twitter:data1\" content=\"2 minutes\" \/>\n<script type=\"application\/ld+json\" class=\"yoast-schema-graph\">{\"@context\":\"https:\/\/schema.org\",\"@graph\":[{\"@type\":\"WebPage\",\"@id\":\"https:\/\/mudanzasirun.com\/aviso-legal\/\",\"url\":\"https:\/\/mudanzasirun.com\/aviso-legal\/\",\"name\":\"Aviso Legal - Empresa de mudanzas en Ir\u00fan | Mudanzas y Transportes Ir\u00fan\",\"isPartOf\":{\"@id\":\"https:\/\/mudanzasirun.com\/#website\"},\"datePublished\":\"2024-03-26T19:06:04+00:00\",\"dateModified\":\"2025-07-24T11:07:31+00:00\",\"breadcrumb\":{\"@id\":\"https:\/\/mudanzasirun.com\/aviso-legal\/#breadcrumb\"},\"inLanguage\":\"en-US\",\"potentialAction\":[{\"@type\":\"ReadAction\",\"target\":[\"https:\/\/mudanzasirun.com\/aviso-legal\/\"]}]},{\"@type\":\"BreadcrumbList\",\"@id\":\"https:\/\/mudanzasirun.com\/aviso-legal\/#breadcrumb\",\"itemListElement\":[{\"@type\":\"ListItem\",\"position\":1,\"name\":\"Home\",\"item\":\"https:\/\/mudanzasirun.com\/\"},{\"@type\":\"ListItem\",\"position\":2,\"name\":\"Aviso Legal\"}]},{\"@type\":\"WebSite\",\"@id\":\"https:\/\/mudanzasirun.com\/#website\",\"url\":\"https:\/\/mudanzasirun.com\/\",\"name\":\"Mudanzas Ir\u00fan\",\"description\":\"En Mudanzas y Transportes Ir\u00fan nos encargamos de transportar tus muebles en Guip\u00fazcoa. Tambi\u00e9n, realizamos el embalaje de muebles en Ir\u00fan, desembalaje de muebles en Hendaya, realizamos transportes de muebles en San Juan de Luz, ofrecemos un servicio de guardamuebles en Renter\u00eda, mudanzas nacionales en Ir\u00fan, mudanzas internacionales en Ir\u00fan, mudanzas de Ir\u00fan a Francia, transporte por horas en Biarritz, mudanzas de pisos en Hondarribia, envi\u00f3 de paquetes en Ir\u00fan, Guip\u00fazcoa, Hendaya, San Juan de Luz, Renter\u00eda, Bayona, Biarritz, Francia, Hondarribia, Urrugne, Anglet\",\"publisher\":{\"@id\":\"https:\/\/mudanzasirun.com\/#organization\"},\"potentialAction\":[{\"@type\":\"SearchAction\",\"target\":{\"@type\":\"EntryPoint\",\"urlTemplate\":\"https:\/\/mudanzasirun.com\/?s={search_term_string}\"},\"query-input\":{\"@type\":\"PropertyValueSpecification\",\"valueRequired\":true,\"valueName\":\"search_term_string\"}}],\"inLanguage\":\"en-US\"},{\"@type\":\"Organization\",\"@id\":\"https:\/\/mudanzasirun.com\/#organization\",\"name\":\"Mudanzas Ir\u00fan\",\"url\":\"https:\/\/mudanzasirun.com\/\",\"logo\":{\"@type\":\"ImageObject\",\"inLanguage\":\"en-US\",\"@id\":\"https:\/\/mudanzasirun.com\/#\/schema\/logo\/image\/\",\"url\":\"https:\/\/mudanzasirun.com\/wp-content\/uploads\/2024\/03\/mudanzasirun_logo_h-e1752893368912.png\",\"contentUrl\":\"https:\/\/mudanzasirun.com\/wp-content\/uploads\/2024\/03\/mudanzasirun_logo_h-e1752893368912.png\",\"width\":473,\"height\":321,\"caption\":\"Mudanzas Ir\u00fan\"},\"image\":{\"@id\":\"https:\/\/mudanzasirun.com\/#\/schema\/logo\/image\/\"},\"sameAs\":[\"https:\/\/www.facebook.com\/mudanzasirun\"]}]}<\/script>\n<!-- \/ Yoast SEO plugin. -->","yoast_head_json":{"title":"Aviso Legal - Empresa de mudanzas en Ir\u00fan | Mudanzas y Transportes Ir\u00fan","robots":{"index":"index","follow":"follow","max-snippet":"max-snippet:-1","max-image-preview":"max-image-preview:large","max-video-preview":"max-video-preview:-1"},"canonical":"https:\/\/mudanzasirun.com\/en\/aviso-legal\/","og_locale":"en_US","og_type":"article","og_title":"Aviso Legal - Empresa de mudanzas en Ir\u00fan | Mudanzas y Transportes Ir\u00fan","og_description":"Aviso legal \u00a0En cumplimiento del art\u00edculo 10 de la Ley 34\/2002, del 11 de julio, de servicios de la Sociedad de la Informaci\u00f3n y Comercio Electr\u00f3nico (LSSICE) se exponen\u00a0 a\u00a0 continuaci\u00f3n los datos identificativos de la empresa. Denominaci\u00f3n social: Mudanzas Ir\u00fan S.L. Domicilio social: Calle Hilanderas 62, 20303, Irun, Gu\u00edpuzcoa 20303 &#8211; Ir\u00fan &#8211; Guip\u00fazcoa [&hellip;]","og_url":"https:\/\/mudanzasirun.com\/en\/aviso-legal\/","og_site_name":"Empresa de mudanzas en Ir\u00fan | Mudanzas y Transportes Ir\u00fan","article_publisher":"https:\/\/www.facebook.com\/mudanzasirun","article_modified_time":"2025-07-24T11:07:31+00:00","twitter_card":"summary_large_image","twitter_misc":{"Est. reading time":"2 minutes"},"schema":{"@context":"https:\/\/schema.org","@graph":[{"@type":"WebPage","@id":"https:\/\/mudanzasirun.com\/aviso-legal\/","url":"https:\/\/mudanzasirun.com\/aviso-legal\/","name":"Aviso Legal - Empresa de mudanzas en Ir\u00fan | Mudanzas y Transportes Ir\u00fan","isPartOf":{"@id":"https:\/\/mudanzasirun.com\/#website"},"datePublished":"2024-03-26T19:06:04+00:00","dateModified":"2025-07-24T11:07:31+00:00","breadcrumb":{"@id":"https:\/\/mudanzasirun.com\/aviso-legal\/#breadcrumb"},"inLanguage":"en-US","potentialAction":[{"@type":"ReadAction","target":["https:\/\/mudanzasirun.com\/aviso-legal\/"]}]},{"@type":"BreadcrumbList","@id":"https:\/\/mudanzasirun.com\/aviso-legal\/#breadcrumb","itemListElement":[{"@type":"ListItem","position":1,"name":"Home","item":"https:\/\/mudanzasirun.com\/"},{"@type":"ListItem","position":2,"name":"Aviso Legal"}]},{"@type":"WebSite","@id":"https:\/\/mudanzasirun.com\/#website","url":"https:\/\/mudanzasirun.com\/","name":"Mudanzas Ir\u00fan","description":"En Mudanzas y Transportes Ir\u00fan nos encargamos de transportar tus muebles en Guip\u00fazcoa. Tambi\u00e9n, realizamos el embalaje de muebles en Ir\u00fan, desembalaje de muebles en Hendaya, realizamos transportes de muebles en San Juan de Luz, ofrecemos un servicio de guardamuebles en Renter\u00eda, mudanzas nacionales en Ir\u00fan, mudanzas internacionales en Ir\u00fan, mudanzas de Ir\u00fan a Francia, transporte por horas en Biarritz, mudanzas de pisos en Hondarribia, envi\u00f3 de paquetes en Ir\u00fan, Guip\u00fazcoa, Hendaya, San Juan de Luz, Renter\u00eda, Bayona, Biarritz, Francia, Hondarribia, Urrugne, Anglet","publisher":{"@id":"https:\/\/mudanzasirun.com\/#organization"},"potentialAction":[{"@type":"SearchAction","target":{"@type":"EntryPoint","urlTemplate":"https:\/\/mudanzasirun.com\/?s={search_term_string}"},"query-input":{"@type":"PropertyValueSpecification","valueRequired":true,"valueName":"search_term_string"}}],"inLanguage":"en-US"},{"@type":"Organization","@id":"https:\/\/mudanzasirun.com\/#organization","name":"Mudanzas Ir\u00fan","url":"https:\/\/mudanzasirun.com\/","logo":{"@type":"ImageObject","inLanguage":"en-US","@id":"https:\/\/mudanzasirun.com\/#\/schema\/logo\/image\/","url":"https:\/\/mudanzasirun.com\/wp-content\/uploads\/2024\/03\/mudanzasirun_logo_h-e1752893368912.png","contentUrl":"https:\/\/mudanzasirun.com\/wp-content\/uploads\/2024\/03\/mudanzasirun_logo_h-e1752893368912.png","width":473,"height":321,"caption":"Mudanzas Ir\u00fan"},"image":{"@id":"https:\/\/mudanzasirun.com\/#\/schema\/logo\/image\/"},"sameAs":["https:\/\/www.facebook.com\/mudanzasirun"]}]}},"_links":{"self":[{"href":"https:\/\/mudanzasirun.com\/en\/wp-json\/wp\/v2\/pages\/226","targetHints":{"allow":["GET"]}}],"collection":[{"href":"https:\/\/mudanzasirun.com\/en\/wp-json\/wp\/v2\/pages"}],"about":[{"href":"https:\/\/mudanzasirun.com\/en\/wp-json\/wp\/v2\/types\/page"}],"author":[{"embeddable":true,"href":"https:\/\/mudanzasirun.com\/en\/wp-json\/wp\/v2\/users\/4"}],"replies":[{"embeddable":true,"href":"https:\/\/mudanzasirun.com\/en\/wp-json\/wp\/v2\/comments?post=226"}],"version-history":[{"count":0,"href":"https:\/\/mudanzasirun.com\/en\/wp-json\/wp\/v2\/pages\/226\/revisions"}],"wp:attachment":[{"href":"https:\/\/mudanzasirun.com\/en\/wp-json\/wp\/v2\/media?parent=226"}],"curies":[{"name":"wp","href":"https:\/\/api.w.org\/{rel}","templated":true}]}}