{"id":232,"date":"2024-03-26T19:09:16","date_gmt":"2024-03-26T19:09:16","guid":{"rendered":"https:\/\/otterwip.fun\/?page_id=232"},"modified":"2025-07-24T22:37:53","modified_gmt":"2025-07-24T22:37:53","slug":"politica-de-privacidad","status":"publish","type":"page","link":"https:\/\/mudanzasirun.com\/en\/politica-de-privacidad\/","title":{"rendered":"Privacy Policy"},"content":{"rendered":"<div data-elementor-type=\"wp-page\" data-elementor-id=\"232\" class=\"elementor elementor-232\" data-elementor-post-type=\"page\">\n\t\t\t\t<div class=\"elementor-element elementor-element-16d40fb e-flex e-con-boxed e-con e-parent\" data-id=\"16d40fb\" data-element_type=\"container\" data-settings=\"{&quot;jet_parallax_layout_list&quot;:[]}\">\n\t\t\t\t\t<div class=\"e-con-inner\">\n\t\t\t\t<div class=\"elementor-element elementor-element-baec4c0 elementor-widget elementor-widget-heading\" data-id=\"baec4c0\" data-element_type=\"widget\" data-widget_type=\"heading.default\">\n\t\t\t\t<div class=\"elementor-widget-container\">\n\t\t\t\t\t<h2 class=\"elementor-heading-title elementor-size-default\">pol\u00edtica de privacidad<\/h2>\t\t\t\t<\/div>\n\t\t\t\t<\/div>\n\t\t\t\t<div class=\"elementor-element elementor-element-dcc997d elementor-widget elementor-widget-text-editor\" data-id=\"dcc997d\" data-element_type=\"widget\" data-widget_type=\"text-editor.default\">\n\t\t\t\t<div class=\"elementor-widget-container\">\n\t\t\t\t\t\t\t\t\t<p><span style=\"text-align: var(--text-align); background-color: var( --e-global-color-29d11d6 ); color: var( --e-global-color-text ); font-family: var( --e-global-typography-text-font-family ), Sans-serif; font-size: var( --e-global-typography-text-font-size ); font-weight: var( --e-global-typography-text-font-weight );\">\u00daltima actualizaci\u00f3n: 26\/03\/2024<\/span><\/p><p>Mudanzas Ir\u00fan SL se compromete a proteger y respetar tu privacidad. Esta pol\u00edtica describe c\u00f3mo recopilamos, usamos y protegemos la informaci\u00f3n personal que nos proporcionas a trav\u00e9s de nuestro sitio web (el \u00abSitio\u00bb). Al utilizar este Sitio, aceptas los t\u00e9rminos de esta pol\u00edtica de privacidad.<\/p><p><strong>Informaci\u00f3n que recopilamos<\/strong><\/p><p>Podemos recopilar y procesar los siguientes datos personales sobre ti:<\/p><ul><li><p>Informaci\u00f3n que nos proporcionas: Esto incluye informaci\u00f3n que proporcionas al completar formularios en nuestro Sitio o al comunicarte con nosotros por tel\u00e9fono, correo electr\u00f3nico u otros medios. La informaci\u00f3n que nos proporcionas puede incluir tu nombre, direcci\u00f3n de correo electr\u00f3nico, direcci\u00f3n postal y n\u00famero de tel\u00e9fono.<\/p><\/li><li><p>Informaci\u00f3n recopilada autom\u00e1ticamente: Cuando visitas nuestro Sitio, podemos recopilar cierta informaci\u00f3n autom\u00e1ticamente, como tu direcci\u00f3n IP, tipo de navegador, tiempo de acceso y p\u00e1ginas visitadas. Esta informaci\u00f3n se recopila de forma an\u00f3nima y se utiliza con fines estad\u00edsticos y para mejorar la experiencia del usuario en nuestro Sitio.<\/p><\/li><\/ul><p><strong>Uso de la informaci\u00f3n<\/strong><\/p><p>Utilizamos la informaci\u00f3n que recopilamos sobre ti para los siguientes fines:<\/p><ul><li>Para proporcionarte los servicios que solicitas.<\/li><li>Para responder a tus consultas y comunicarnos contigo.<\/li><li>Para mejorar y personalizar tu experiencia en nuestro Sitio.<\/li><li>Para cumplir con nuestras obligaciones legales y regulatorias.<\/li><\/ul><div>\u00a0<\/div><p><strong>Divulgaci\u00f3n de informaci\u00f3n<\/strong><\/p><p>No vendemos, intercambiamos ni transferimos de ninguna manera tu informaci\u00f3n personal a terceros sin tu consentimiento, excepto cuando sea necesario para cumplir con un requisito legal, hacer valer nuestras pol\u00edticas o proteger nuestros derechos, propiedad o seguridad.<\/p><p><strong>Seguridad de la informaci\u00f3n<\/strong><\/p><p>Tomamos medidas razonables para proteger la informaci\u00f3n personal que recopilamos contra accesos no autorizados, p\u00e9rdidas, alteraciones o divulgaciones.<\/p><p><strong>Tus derechos<\/strong><\/p><p>Tienes derecho a acceder, corregir, actualizar o eliminar tu informaci\u00f3n personal en cualquier momento. Si deseas ejercer alguno de estos derechos, cont\u00e1ctanos utilizando la informaci\u00f3n de contacto proporcionada a continuaci\u00f3n.<\/p><p><strong>Cambios en esta pol\u00edtica de privacidad<\/strong><\/p><p>Nos reservamos el derecho de actualizar esta pol\u00edtica de privacidad en cualquier momento. Te recomendamos que revises peri\u00f3dicamente esta p\u00e1gina para estar al tanto de cualquier cambio. La fecha de la \u00faltima actualizaci\u00f3n se indica al comienzo de esta pol\u00edtica.<\/p><p><strong>Contact<\/strong><\/p><p>Si tienes alguna pregunta sobre esta pol\u00edtica de privacidad o sobre c\u00f3mo tratamos tus datos personales, cont\u00e1ctanos en:<\/p><p>Mudanzas Ir\u00fan SL Calle Hilanderas 62, 20303, Irun, Gu\u00edpuzcoa<\/p><p>Correo electr\u00f3nico: <a target=\"_new\">info@mudanzasirun.com<\/a>\u00a0<\/p><p>Tel\u00e9fono: 665 733 560<\/p>\t\t\t\t\t\t\t\t<\/div>\n\t\t\t\t<\/div>\n\t\t\t\t\t<\/div>\n\t\t\t\t<\/div>\n\t\t\t\t<\/div>","protected":false},"excerpt":{"rendered":"<p>pol\u00edtica de privacidad \u00daltima actualizaci\u00f3n: 26\/03\/2024 Mudanzas Ir\u00fan SL se compromete a proteger y respetar tu privacidad. Esta pol\u00edtica describe c\u00f3mo recopilamos, usamos y protegemos la informaci\u00f3n personal que nos proporcionas a trav\u00e9s de nuestro sitio web (el \u00abSitio\u00bb). Al utilizar este Sitio, aceptas los t\u00e9rminos de esta pol\u00edtica de privacidad. Informaci\u00f3n que recopilamos Podemos [&hellip;]<\/p>","protected":false},"author":4,"featured_media":0,"parent":0,"menu_order":0,"comment_status":"closed","ping_status":"closed","template":"elementor_theme","meta":{"footnotes":""},"class_list":["post-232","page","type-page","status-publish","hentry"],"yoast_head":"<!-- This site is optimized with the Yoast SEO plugin v25.5 - https:\/\/yoast.com\/wordpress\/plugins\/seo\/ -->\n<title>Pol\u00edtica de Privacidad - Empresa de mudanzas en Ir\u00fan | Mudanzas y Transportes Ir\u00fan<\/title>\n<meta name=\"robots\" content=\"index, follow, max-snippet:-1, max-image-preview:large, max-video-preview:-1\" \/>\n<link rel=\"canonical\" href=\"https:\/\/mudanzasirun.com\/en\/politica-de-privacidad\/\" \/>\n<meta property=\"og:locale\" content=\"en_US\" \/>\n<meta property=\"og:type\" content=\"article\" \/>\n<meta property=\"og:title\" content=\"Pol\u00edtica de Privacidad - Empresa de mudanzas en Ir\u00fan | Mudanzas y Transportes Ir\u00fan\" \/>\n<meta property=\"og:description\" content=\"pol\u00edtica de privacidad \u00daltima actualizaci\u00f3n: 26\/03\/2024 Mudanzas Ir\u00fan SL se compromete a proteger y respetar tu privacidad. Esta pol\u00edtica describe c\u00f3mo recopilamos, usamos y protegemos la informaci\u00f3n personal que nos proporcionas a trav\u00e9s de nuestro sitio web (el \u00abSitio\u00bb). Al utilizar este Sitio, aceptas los t\u00e9rminos de esta pol\u00edtica de privacidad. Informaci\u00f3n que recopilamos Podemos [&hellip;]\" \/>\n<meta property=\"og:url\" content=\"https:\/\/mudanzasirun.com\/en\/politica-de-privacidad\/\" \/>\n<meta property=\"og:site_name\" content=\"Empresa de mudanzas en Ir\u00fan | Mudanzas y Transportes Ir\u00fan\" \/>\n<meta property=\"article:publisher\" content=\"https:\/\/www.facebook.com\/mudanzasirun\" \/>\n<meta property=\"article:modified_time\" content=\"2025-07-24T22:37:53+00:00\" \/>\n<meta name=\"twitter:card\" content=\"summary_large_image\" \/>\n<meta name=\"twitter:label1\" content=\"Est. reading time\" \/>\n\t<meta name=\"twitter:data1\" content=\"2 minutes\" \/>\n<script type=\"application\/ld+json\" class=\"yoast-schema-graph\">{\"@context\":\"https:\/\/schema.org\",\"@graph\":[{\"@type\":\"WebPage\",\"@id\":\"https:\/\/mudanzasirun.com\/politica-de-privacidad\/\",\"url\":\"https:\/\/mudanzasirun.com\/politica-de-privacidad\/\",\"name\":\"Pol\u00edtica de Privacidad - Empresa de mudanzas en Ir\u00fan | Mudanzas y Transportes Ir\u00fan\",\"isPartOf\":{\"@id\":\"https:\/\/mudanzasirun.com\/#website\"},\"datePublished\":\"2024-03-26T19:09:16+00:00\",\"dateModified\":\"2025-07-24T22:37:53+00:00\",\"breadcrumb\":{\"@id\":\"https:\/\/mudanzasirun.com\/politica-de-privacidad\/#breadcrumb\"},\"inLanguage\":\"en-US\",\"potentialAction\":[{\"@type\":\"ReadAction\",\"target\":[\"https:\/\/mudanzasirun.com\/politica-de-privacidad\/\"]}]},{\"@type\":\"BreadcrumbList\",\"@id\":\"https:\/\/mudanzasirun.com\/politica-de-privacidad\/#breadcrumb\",\"itemListElement\":[{\"@type\":\"ListItem\",\"position\":1,\"name\":\"Home\",\"item\":\"https:\/\/mudanzasirun.com\/\"},{\"@type\":\"ListItem\",\"position\":2,\"name\":\"Pol\u00edtica de Privacidad\"}]},{\"@type\":\"WebSite\",\"@id\":\"https:\/\/mudanzasirun.com\/#website\",\"url\":\"https:\/\/mudanzasirun.com\/\",\"name\":\"Mudanzas Ir\u00fan\",\"description\":\"En Mudanzas y Transportes Ir\u00fan nos encargamos de transportar tus muebles en Guip\u00fazcoa. Tambi\u00e9n, realizamos el embalaje de muebles en Ir\u00fan, desembalaje de muebles en Hendaya, realizamos transportes de muebles en San Juan de Luz, ofrecemos un servicio de guardamuebles en Renter\u00eda, mudanzas nacionales en Ir\u00fan, mudanzas internacionales en Ir\u00fan, mudanzas de Ir\u00fan a Francia, transporte por horas en Biarritz, mudanzas de pisos en Hondarribia, envi\u00f3 de paquetes en Ir\u00fan, Guip\u00fazcoa, Hendaya, San Juan de Luz, Renter\u00eda, Bayona, Biarritz, Francia, Hondarribia, Urrugne, Anglet\",\"publisher\":{\"@id\":\"https:\/\/mudanzasirun.com\/#organization\"},\"potentialAction\":[{\"@type\":\"SearchAction\",\"target\":{\"@type\":\"EntryPoint\",\"urlTemplate\":\"https:\/\/mudanzasirun.com\/?s={search_term_string}\"},\"query-input\":{\"@type\":\"PropertyValueSpecification\",\"valueRequired\":true,\"valueName\":\"search_term_string\"}}],\"inLanguage\":\"en-US\"},{\"@type\":\"Organization\",\"@id\":\"https:\/\/mudanzasirun.com\/#organization\",\"name\":\"Mudanzas Ir\u00fan\",\"url\":\"https:\/\/mudanzasirun.com\/\",\"logo\":{\"@type\":\"ImageObject\",\"inLanguage\":\"en-US\",\"@id\":\"https:\/\/mudanzasirun.com\/#\/schema\/logo\/image\/\",\"url\":\"https:\/\/mudanzasirun.com\/wp-content\/uploads\/2024\/03\/mudanzasirun_logo_h-e1752893368912.png\",\"contentUrl\":\"https:\/\/mudanzasirun.com\/wp-content\/uploads\/2024\/03\/mudanzasirun_logo_h-e1752893368912.png\",\"width\":473,\"height\":321,\"caption\":\"Mudanzas Ir\u00fan\"},\"image\":{\"@id\":\"https:\/\/mudanzasirun.com\/#\/schema\/logo\/image\/\"},\"sameAs\":[\"https:\/\/www.facebook.com\/mudanzasirun\"]}]}<\/script>\n<!-- \/ Yoast SEO plugin. -->","yoast_head_json":{"title":"Pol\u00edtica de Privacidad - Empresa de mudanzas en Ir\u00fan | Mudanzas y Transportes Ir\u00fan","robots":{"index":"index","follow":"follow","max-snippet":"max-snippet:-1","max-image-preview":"max-image-preview:large","max-video-preview":"max-video-preview:-1"},"canonical":"https:\/\/mudanzasirun.com\/en\/politica-de-privacidad\/","og_locale":"en_US","og_type":"article","og_title":"Pol\u00edtica de Privacidad - Empresa de mudanzas en Ir\u00fan | Mudanzas y Transportes Ir\u00fan","og_description":"pol\u00edtica de privacidad \u00daltima actualizaci\u00f3n: 26\/03\/2024 Mudanzas Ir\u00fan SL se compromete a proteger y respetar tu privacidad. Esta pol\u00edtica describe c\u00f3mo recopilamos, usamos y protegemos la informaci\u00f3n personal que nos proporcionas a trav\u00e9s de nuestro sitio web (el \u00abSitio\u00bb). Al utilizar este Sitio, aceptas los t\u00e9rminos de esta pol\u00edtica de privacidad. Informaci\u00f3n que recopilamos Podemos [&hellip;]","og_url":"https:\/\/mudanzasirun.com\/en\/politica-de-privacidad\/","og_site_name":"Empresa de mudanzas en Ir\u00fan | Mudanzas y Transportes Ir\u00fan","article_publisher":"https:\/\/www.facebook.com\/mudanzasirun","article_modified_time":"2025-07-24T22:37:53+00:00","twitter_card":"summary_large_image","twitter_misc":{"Est. reading time":"2 minutes"},"schema":{"@context":"https:\/\/schema.org","@graph":[{"@type":"WebPage","@id":"https:\/\/mudanzasirun.com\/politica-de-privacidad\/","url":"https:\/\/mudanzasirun.com\/politica-de-privacidad\/","name":"Pol\u00edtica de Privacidad - Empresa de mudanzas en Ir\u00fan | Mudanzas y Transportes Ir\u00fan","isPartOf":{"@id":"https:\/\/mudanzasirun.com\/#website"},"datePublished":"2024-03-26T19:09:16+00:00","dateModified":"2025-07-24T22:37:53+00:00","breadcrumb":{"@id":"https:\/\/mudanzasirun.com\/politica-de-privacidad\/#breadcrumb"},"inLanguage":"en-US","potentialAction":[{"@type":"ReadAction","target":["https:\/\/mudanzasirun.com\/politica-de-privacidad\/"]}]},{"@type":"BreadcrumbList","@id":"https:\/\/mudanzasirun.com\/politica-de-privacidad\/#breadcrumb","itemListElement":[{"@type":"ListItem","position":1,"name":"Home","item":"https:\/\/mudanzasirun.com\/"},{"@type":"ListItem","position":2,"name":"Pol\u00edtica de Privacidad"}]},{"@type":"WebSite","@id":"https:\/\/mudanzasirun.com\/#website","url":"https:\/\/mudanzasirun.com\/","name":"Mudanzas Ir\u00fan","description":"En Mudanzas y Transportes Ir\u00fan nos encargamos de transportar tus muebles en Guip\u00fazcoa. Tambi\u00e9n, realizamos el embalaje de muebles en Ir\u00fan, desembalaje de muebles en Hendaya, realizamos transportes de muebles en San Juan de Luz, ofrecemos un servicio de guardamuebles en Renter\u00eda, mudanzas nacionales en Ir\u00fan, mudanzas internacionales en Ir\u00fan, mudanzas de Ir\u00fan a Francia, transporte por horas en Biarritz, mudanzas de pisos en Hondarribia, envi\u00f3 de paquetes en Ir\u00fan, Guip\u00fazcoa, Hendaya, San Juan de Luz, Renter\u00eda, Bayona, Biarritz, Francia, Hondarribia, Urrugne, Anglet","publisher":{"@id":"https:\/\/mudanzasirun.com\/#organization"},"potentialAction":[{"@type":"SearchAction","target":{"@type":"EntryPoint","urlTemplate":"https:\/\/mudanzasirun.com\/?s={search_term_string}"},"query-input":{"@type":"PropertyValueSpecification","valueRequired":true,"valueName":"search_term_string"}}],"inLanguage":"en-US"},{"@type":"Organization","@id":"https:\/\/mudanzasirun.com\/#organization","name":"Mudanzas Ir\u00fan","url":"https:\/\/mudanzasirun.com\/","logo":{"@type":"ImageObject","inLanguage":"en-US","@id":"https:\/\/mudanzasirun.com\/#\/schema\/logo\/image\/","url":"https:\/\/mudanzasirun.com\/wp-content\/uploads\/2024\/03\/mudanzasirun_logo_h-e1752893368912.png","contentUrl":"https:\/\/mudanzasirun.com\/wp-content\/uploads\/2024\/03\/mudanzasirun_logo_h-e1752893368912.png","width":473,"height":321,"caption":"Mudanzas Ir\u00fan"},"image":{"@id":"https:\/\/mudanzasirun.com\/#\/schema\/logo\/image\/"},"sameAs":["https:\/\/www.facebook.com\/mudanzasirun"]}]}},"_links":{"self":[{"href":"https:\/\/mudanzasirun.com\/en\/wp-json\/wp\/v2\/pages\/232","targetHints":{"allow":["GET"]}}],"collection":[{"href":"https:\/\/mudanzasirun.com\/en\/wp-json\/wp\/v2\/pages"}],"about":[{"href":"https:\/\/mudanzasirun.com\/en\/wp-json\/wp\/v2\/types\/page"}],"author":[{"embeddable":true,"href":"https:\/\/mudanzasirun.com\/en\/wp-json\/wp\/v2\/users\/4"}],"replies":[{"embeddable":true,"href":"https:\/\/mudanzasirun.com\/en\/wp-json\/wp\/v2\/comments?post=232"}],"version-history":[{"count":0,"href":"https:\/\/mudanzasirun.com\/en\/wp-json\/wp\/v2\/pages\/232\/revisions"}],"wp:attachment":[{"href":"https:\/\/mudanzasirun.com\/en\/wp-json\/wp\/v2\/media?parent=232"}],"curies":[{"name":"wp","href":"https:\/\/api.w.org\/{rel}","templated":true}]}}