{"id":240,"date":"2024-03-26T19:16:23","date_gmt":"2024-03-26T19:16:23","guid":{"rendered":"https:\/\/otterwip.fun\/?page_id=240"},"modified":"2025-07-24T22:38:14","modified_gmt":"2025-07-24T22:38:14","slug":"politica-de-cookies","status":"publish","type":"page","link":"https:\/\/mudanzasirun.com\/en\/politica-de-cookies\/","title":{"rendered":"Cookie Policy"},"content":{"rendered":"<div data-elementor-type=\"wp-page\" data-elementor-id=\"240\" class=\"elementor elementor-240\" data-elementor-post-type=\"page\">\n\t\t\t\t<div class=\"elementor-element elementor-element-16d40fb e-flex e-con-boxed e-con e-parent\" data-id=\"16d40fb\" data-element_type=\"container\" data-settings=\"{&quot;jet_parallax_layout_list&quot;:[]}\">\n\t\t\t\t\t<div class=\"e-con-inner\">\n\t\t\t\t<div class=\"elementor-element elementor-element-baec4c0 elementor-widget elementor-widget-heading\" data-id=\"baec4c0\" data-element_type=\"widget\" data-widget_type=\"heading.default\">\n\t\t\t\t<div class=\"elementor-widget-container\">\n\t\t\t\t\t<h2 class=\"elementor-heading-title elementor-size-default\">pol\u00edtica de cookies<\/h2>\t\t\t\t<\/div>\n\t\t\t\t<\/div>\n\t\t\t\t<div class=\"elementor-element elementor-element-dcc997d elementor-widget elementor-widget-text-editor\" data-id=\"dcc997d\" data-element_type=\"widget\" data-widget_type=\"text-editor.default\">\n\t\t\t\t<div class=\"elementor-widget-container\">\n\t\t\t\t\t\t\t\t\t<p>\u00daltima actualizaci\u00f3n: 26\/03\/2024<\/p><p>Mudanzas Ir\u00fan SL\u00a0 utiliza cookies en nuestro sitio web (el \u00abSitio\u00bb). Al utilizar el Sitio, aceptas el uso de cookies de acuerdo con esta pol\u00edtica. Si no est\u00e1s de acuerdo con el uso de cookies, debes ajustar la configuraci\u00f3n de tu navegador o dejar de usar el Sitio.<\/p><p><strong>\u00bfQu\u00e9 son las cookies?<\/strong><\/p><p>Las cookies son peque\u00f1os archivos de texto que se almacenan en tu dispositivo cuando visitas un sitio web. Las cookies se utilizan ampliamente para que los sitios web funcionen de manera m\u00e1s eficiente, as\u00ed como para proporcionar informaci\u00f3n a los propietarios del sitio.<\/p><p><strong>\u00bfQu\u00e9 tipos de cookies utilizamos?<\/strong><\/p><ul><li><p>Cookies esenciales: Estas cookies son necesarias para el funcionamiento del Sitio y nos permiten proporcionarte los servicios que solicitas, como recordar tus preferencias de idioma y mantener tu sesi\u00f3n activa.<\/p><\/li><li><p>Cookies de rendimiento: Estas cookies nos ayudan a comprender c\u00f3mo interact\u00faas con el Sitio, proporcion\u00e1ndonos informaci\u00f3n sobre las \u00e1reas visitadas, el tiempo dedicado en el sitio y cualquier problema que puedas encontrar, como mensajes de error. Esto nos permite mejorar el rendimiento y la usabilidad del Sitio.<\/p><\/li><li><p>Cookies de funcionalidad: Estas cookies se utilizan para recordar tus preferencias y personalizar tu experiencia en el Sitio, como recordar tu nombre de usuario, tu idioma preferido o la regi\u00f3n en la que te encuentras.<\/p><\/li><li><p>Cookies de terceros: Adem\u00e1s de nuestras propias cookies, tambi\u00e9n podemos utilizar cookies de terceros para analizar el uso del Sitio y para proporcionar publicidad personalizada. Estas cookies est\u00e1n sujetas a las pol\u00edticas de privacidad de terceros y no est\u00e1n bajo nuestro control.<\/p><\/li><\/ul><p><strong>Control de cookies<\/strong><\/p><p>Puedes controlar y\/o eliminar las cookies seg\u00fan desees. Para obtener m\u00e1s informaci\u00f3n, consulta la configuraci\u00f3n de cookies de tu navegador. Ten en cuenta que la desactivaci\u00f3n de ciertas cookies puede afectar la funcionalidad del Sitio y tu experiencia de usuario.<\/p><p><strong>Cambios en esta pol\u00edtica de cookies<\/strong><\/p><p>Nos reservamos el derecho de actualizar esta pol\u00edtica de cookies en cualquier momento. Te recomendamos que revises peri\u00f3dicamente esta p\u00e1gina para estar al tanto de cualquier cambio. La fecha de la \u00faltima actualizaci\u00f3n se indica al comienzo de esta pol\u00edtica.<\/p><p><strong>Contact<\/strong><\/p><p>Si tienes alguna pregunta sobre esta pol\u00edtica de cookies, cont\u00e1ctanos en:<\/p><p>Mudanzas Ir\u00fan SL Calle Hilanderas 62, 20303, Irun, Gu\u00edpuzcoa<\/p><p>Correo electr\u00f3nico: <a target=\"_new\">info@mudanzasirun.com<\/a>\u00a0<\/p><p>Tel\u00e9fono: 665 733 560<\/p>\t\t\t\t\t\t\t\t<\/div>\n\t\t\t\t<\/div>\n\t\t\t\t\t<\/div>\n\t\t\t\t<\/div>\n\t\t\t\t<\/div>","protected":false},"excerpt":{"rendered":"<p>pol\u00edtica de cookies \u00daltima actualizaci\u00f3n: 26\/03\/2024 Mudanzas Ir\u00fan SL\u00a0 utiliza cookies en nuestro sitio web (el \u00abSitio\u00bb). Al utilizar el Sitio, aceptas el uso de cookies de acuerdo con esta pol\u00edtica. Si no est\u00e1s de acuerdo con el uso de cookies, debes ajustar la configuraci\u00f3n de tu navegador o dejar de usar el Sitio. \u00bfQu\u00e9 [&hellip;]<\/p>","protected":false},"author":4,"featured_media":0,"parent":0,"menu_order":0,"comment_status":"closed","ping_status":"closed","template":"elementor_theme","meta":{"footnotes":""},"class_list":["post-240","page","type-page","status-publish","hentry"],"yoast_head":"<!-- This site is optimized with the Yoast SEO plugin v25.5 - https:\/\/yoast.com\/wordpress\/plugins\/seo\/ -->\n<title>Pol\u00edtica de Cookies - Empresa de mudanzas en Ir\u00fan | Mudanzas y Transportes Ir\u00fan<\/title>\n<meta name=\"robots\" content=\"index, follow, max-snippet:-1, max-image-preview:large, max-video-preview:-1\" \/>\n<link rel=\"canonical\" href=\"https:\/\/mudanzasirun.com\/en\/politica-de-cookies\/\" \/>\n<meta property=\"og:locale\" content=\"en_US\" \/>\n<meta property=\"og:type\" content=\"article\" \/>\n<meta property=\"og:title\" content=\"Pol\u00edtica de Cookies - Empresa de mudanzas en Ir\u00fan | Mudanzas y Transportes Ir\u00fan\" \/>\n<meta property=\"og:description\" content=\"pol\u00edtica de cookies \u00daltima actualizaci\u00f3n: 26\/03\/2024 Mudanzas Ir\u00fan SL\u00a0 utiliza cookies en nuestro sitio web (el \u00abSitio\u00bb). Al utilizar el Sitio, aceptas el uso de cookies de acuerdo con esta pol\u00edtica. Si no est\u00e1s de acuerdo con el uso de cookies, debes ajustar la configuraci\u00f3n de tu navegador o dejar de usar el Sitio. \u00bfQu\u00e9 [&hellip;]\" \/>\n<meta property=\"og:url\" content=\"https:\/\/mudanzasirun.com\/en\/politica-de-cookies\/\" \/>\n<meta property=\"og:site_name\" content=\"Empresa de mudanzas en Ir\u00fan | Mudanzas y Transportes Ir\u00fan\" \/>\n<meta property=\"article:publisher\" content=\"https:\/\/www.facebook.com\/mudanzasirun\" \/>\n<meta property=\"article:modified_time\" content=\"2025-07-24T22:38:14+00:00\" \/>\n<meta name=\"twitter:card\" content=\"summary_large_image\" \/>\n<meta name=\"twitter:label1\" content=\"Est. reading time\" \/>\n\t<meta name=\"twitter:data1\" content=\"2 minutes\" \/>\n<script type=\"application\/ld+json\" class=\"yoast-schema-graph\">{\"@context\":\"https:\/\/schema.org\",\"@graph\":[{\"@type\":\"WebPage\",\"@id\":\"https:\/\/mudanzasirun.com\/politica-de-cookies\/\",\"url\":\"https:\/\/mudanzasirun.com\/politica-de-cookies\/\",\"name\":\"Pol\u00edtica de Cookies - Empresa de mudanzas en Ir\u00fan | Mudanzas y Transportes Ir\u00fan\",\"isPartOf\":{\"@id\":\"https:\/\/mudanzasirun.com\/#website\"},\"datePublished\":\"2024-03-26T19:16:23+00:00\",\"dateModified\":\"2025-07-24T22:38:14+00:00\",\"breadcrumb\":{\"@id\":\"https:\/\/mudanzasirun.com\/politica-de-cookies\/#breadcrumb\"},\"inLanguage\":\"en-US\",\"potentialAction\":[{\"@type\":\"ReadAction\",\"target\":[\"https:\/\/mudanzasirun.com\/politica-de-cookies\/\"]}]},{\"@type\":\"BreadcrumbList\",\"@id\":\"https:\/\/mudanzasirun.com\/politica-de-cookies\/#breadcrumb\",\"itemListElement\":[{\"@type\":\"ListItem\",\"position\":1,\"name\":\"Home\",\"item\":\"https:\/\/mudanzasirun.com\/\"},{\"@type\":\"ListItem\",\"position\":2,\"name\":\"Pol\u00edtica de Cookies\"}]},{\"@type\":\"WebSite\",\"@id\":\"https:\/\/mudanzasirun.com\/#website\",\"url\":\"https:\/\/mudanzasirun.com\/\",\"name\":\"Mudanzas Ir\u00fan\",\"description\":\"En Mudanzas y Transportes Ir\u00fan nos encargamos de transportar tus muebles en Guip\u00fazcoa. Tambi\u00e9n, realizamos el embalaje de muebles en Ir\u00fan, desembalaje de muebles en Hendaya, realizamos transportes de muebles en San Juan de Luz, ofrecemos un servicio de guardamuebles en Renter\u00eda, mudanzas nacionales en Ir\u00fan, mudanzas internacionales en Ir\u00fan, mudanzas de Ir\u00fan a Francia, transporte por horas en Biarritz, mudanzas de pisos en Hondarribia, envi\u00f3 de paquetes en Ir\u00fan, Guip\u00fazcoa, Hendaya, San Juan de Luz, Renter\u00eda, Bayona, Biarritz, Francia, Hondarribia, Urrugne, Anglet\",\"publisher\":{\"@id\":\"https:\/\/mudanzasirun.com\/#organization\"},\"potentialAction\":[{\"@type\":\"SearchAction\",\"target\":{\"@type\":\"EntryPoint\",\"urlTemplate\":\"https:\/\/mudanzasirun.com\/?s={search_term_string}\"},\"query-input\":{\"@type\":\"PropertyValueSpecification\",\"valueRequired\":true,\"valueName\":\"search_term_string\"}}],\"inLanguage\":\"en-US\"},{\"@type\":\"Organization\",\"@id\":\"https:\/\/mudanzasirun.com\/#organization\",\"name\":\"Mudanzas Ir\u00fan\",\"url\":\"https:\/\/mudanzasirun.com\/\",\"logo\":{\"@type\":\"ImageObject\",\"inLanguage\":\"en-US\",\"@id\":\"https:\/\/mudanzasirun.com\/#\/schema\/logo\/image\/\",\"url\":\"https:\/\/mudanzasirun.com\/wp-content\/uploads\/2024\/03\/mudanzasirun_logo_h-e1752893368912.png\",\"contentUrl\":\"https:\/\/mudanzasirun.com\/wp-content\/uploads\/2024\/03\/mudanzasirun_logo_h-e1752893368912.png\",\"width\":473,\"height\":321,\"caption\":\"Mudanzas Ir\u00fan\"},\"image\":{\"@id\":\"https:\/\/mudanzasirun.com\/#\/schema\/logo\/image\/\"},\"sameAs\":[\"https:\/\/www.facebook.com\/mudanzasirun\"]}]}<\/script>\n<!-- \/ Yoast SEO plugin. -->","yoast_head_json":{"title":"Pol\u00edtica de Cookies - Empresa de mudanzas en Ir\u00fan | Mudanzas y Transportes Ir\u00fan","robots":{"index":"index","follow":"follow","max-snippet":"max-snippet:-1","max-image-preview":"max-image-preview:large","max-video-preview":"max-video-preview:-1"},"canonical":"https:\/\/mudanzasirun.com\/en\/politica-de-cookies\/","og_locale":"en_US","og_type":"article","og_title":"Pol\u00edtica de Cookies - Empresa de mudanzas en Ir\u00fan | Mudanzas y Transportes Ir\u00fan","og_description":"pol\u00edtica de cookies \u00daltima actualizaci\u00f3n: 26\/03\/2024 Mudanzas Ir\u00fan SL\u00a0 utiliza cookies en nuestro sitio web (el \u00abSitio\u00bb). Al utilizar el Sitio, aceptas el uso de cookies de acuerdo con esta pol\u00edtica. Si no est\u00e1s de acuerdo con el uso de cookies, debes ajustar la configuraci\u00f3n de tu navegador o dejar de usar el Sitio. \u00bfQu\u00e9 [&hellip;]","og_url":"https:\/\/mudanzasirun.com\/en\/politica-de-cookies\/","og_site_name":"Empresa de mudanzas en Ir\u00fan | Mudanzas y Transportes Ir\u00fan","article_publisher":"https:\/\/www.facebook.com\/mudanzasirun","article_modified_time":"2025-07-24T22:38:14+00:00","twitter_card":"summary_large_image","twitter_misc":{"Est. reading time":"2 minutes"},"schema":{"@context":"https:\/\/schema.org","@graph":[{"@type":"WebPage","@id":"https:\/\/mudanzasirun.com\/politica-de-cookies\/","url":"https:\/\/mudanzasirun.com\/politica-de-cookies\/","name":"Pol\u00edtica de Cookies - Empresa de mudanzas en Ir\u00fan | Mudanzas y Transportes Ir\u00fan","isPartOf":{"@id":"https:\/\/mudanzasirun.com\/#website"},"datePublished":"2024-03-26T19:16:23+00:00","dateModified":"2025-07-24T22:38:14+00:00","breadcrumb":{"@id":"https:\/\/mudanzasirun.com\/politica-de-cookies\/#breadcrumb"},"inLanguage":"en-US","potentialAction":[{"@type":"ReadAction","target":["https:\/\/mudanzasirun.com\/politica-de-cookies\/"]}]},{"@type":"BreadcrumbList","@id":"https:\/\/mudanzasirun.com\/politica-de-cookies\/#breadcrumb","itemListElement":[{"@type":"ListItem","position":1,"name":"Home","item":"https:\/\/mudanzasirun.com\/"},{"@type":"ListItem","position":2,"name":"Pol\u00edtica de Cookies"}]},{"@type":"WebSite","@id":"https:\/\/mudanzasirun.com\/#website","url":"https:\/\/mudanzasirun.com\/","name":"Mudanzas Ir\u00fan","description":"En Mudanzas y Transportes Ir\u00fan nos encargamos de transportar tus muebles en Guip\u00fazcoa. Tambi\u00e9n, realizamos el embalaje de muebles en Ir\u00fan, desembalaje de muebles en Hendaya, realizamos transportes de muebles en San Juan de Luz, ofrecemos un servicio de guardamuebles en Renter\u00eda, mudanzas nacionales en Ir\u00fan, mudanzas internacionales en Ir\u00fan, mudanzas de Ir\u00fan a Francia, transporte por horas en Biarritz, mudanzas de pisos en Hondarribia, envi\u00f3 de paquetes en Ir\u00fan, Guip\u00fazcoa, Hendaya, San Juan de Luz, Renter\u00eda, Bayona, Biarritz, Francia, Hondarribia, Urrugne, Anglet","publisher":{"@id":"https:\/\/mudanzasirun.com\/#organization"},"potentialAction":[{"@type":"SearchAction","target":{"@type":"EntryPoint","urlTemplate":"https:\/\/mudanzasirun.com\/?s={search_term_string}"},"query-input":{"@type":"PropertyValueSpecification","valueRequired":true,"valueName":"search_term_string"}}],"inLanguage":"en-US"},{"@type":"Organization","@id":"https:\/\/mudanzasirun.com\/#organization","name":"Mudanzas Ir\u00fan","url":"https:\/\/mudanzasirun.com\/","logo":{"@type":"ImageObject","inLanguage":"en-US","@id":"https:\/\/mudanzasirun.com\/#\/schema\/logo\/image\/","url":"https:\/\/mudanzasirun.com\/wp-content\/uploads\/2024\/03\/mudanzasirun_logo_h-e1752893368912.png","contentUrl":"https:\/\/mudanzasirun.com\/wp-content\/uploads\/2024\/03\/mudanzasirun_logo_h-e1752893368912.png","width":473,"height":321,"caption":"Mudanzas Ir\u00fan"},"image":{"@id":"https:\/\/mudanzasirun.com\/#\/schema\/logo\/image\/"},"sameAs":["https:\/\/www.facebook.com\/mudanzasirun"]}]}},"_links":{"self":[{"href":"https:\/\/mudanzasirun.com\/en\/wp-json\/wp\/v2\/pages\/240","targetHints":{"allow":["GET"]}}],"collection":[{"href":"https:\/\/mudanzasirun.com\/en\/wp-json\/wp\/v2\/pages"}],"about":[{"href":"https:\/\/mudanzasirun.com\/en\/wp-json\/wp\/v2\/types\/page"}],"author":[{"embeddable":true,"href":"https:\/\/mudanzasirun.com\/en\/wp-json\/wp\/v2\/users\/4"}],"replies":[{"embeddable":true,"href":"https:\/\/mudanzasirun.com\/en\/wp-json\/wp\/v2\/comments?post=240"}],"version-history":[{"count":0,"href":"https:\/\/mudanzasirun.com\/en\/wp-json\/wp\/v2\/pages\/240\/revisions"}],"wp:attachment":[{"href":"https:\/\/mudanzasirun.com\/en\/wp-json\/wp\/v2\/media?parent=240"}],"curies":[{"name":"wp","href":"https:\/\/api.w.org\/{rel}","templated":true}]}}